{"id":6637,"date":"2025-10-10T01:25:59","date_gmt":"2025-10-10T01:25:59","guid":{"rendered":"https:\/\/www.onlinekredit-schweiz.ch\/?page_id=6637"},"modified":"2025-10-10T01:29:01","modified_gmt":"2025-10-10T01:29:01","slug":"ueber-uns","status":"publish","type":"page","link":"https:\/\/www.onlinekredit-schweiz.ch\/sr\/ueber-uns\/","title":{"rendered":"\u00dcber uns"},"content":{"rendered":"\n<h2 class=\"wp-block-heading\">\u00dcber uns<\/h2>\n\n\n\n<p><strong><a href=\"https:\/\/www.onlinekredit-schweiz.ch\/\" data-type=\"link\" data-id=\"https:\/\/www.onlinekredit-schweiz.ch\/\">OnlineKredit Schweiz<\/a><\/strong> vermittelt seit dem <strong>21. Dezember 2014<\/strong> erfolgreich Kredite in der gesamten Schweiz. Mit \u00fcber <strong>20.000 zufriedenen Kunden<\/strong> und mehr als <strong>11 Jahren Erfahrung<\/strong> in der Finanzbranche haben wir uns als vertrauensw\u00fcrdiger Partner f\u00fcr schnelle und unkomplizierte Kreditl\u00f6sungen etabliert.<\/p>\n\n\n\n<p>Unsere Mission ist es, unseren Kunden den Zugang zu fairen, transparenten und massgeschneiderten Kreditangeboten zu erleichtern. In enger Zusammenarbeit mit f\u00fchrenden Schweizer Banken und renommierten Kreditvermittlern bieten wir individuelle L\u00f6sungen, die auf die pers\u00f6nlichen Bed\u00fcrfnisse jedes Einzelnen zugeschnitten sind.<\/p>\n\n\n\n<p>Dank unseres <strong>einfachen Online-Prozesses<\/strong> k\u00f6nnen Interessenten schnell und bequem eine Kreditentscheidung erhalten \u2013 <strong>schnell, sicher und zuverl\u00e4ssig<\/strong>. Wir legen grossen Wert auf Transparenz, Datenschutz und eine pers\u00f6nliche Beratung, um das Vertrauen unserer Kunden langfristig zu gewinnen.<\/p>\n\n\n\n<p><strong>Warum OnlineKredit Schweiz?<\/strong><\/p>\n\n\n\n<ul class=\"wp-block-list\">\n<li>\u00dcber <strong>8 Jahre Erfahrung<\/strong> in der Kreditvermittlung<\/li>\n\n\n\n<li>Mehr als <strong>20.000 zufriedene Kunden<\/strong><\/li>\n\n\n\n<li>Zusammenarbeit mit f\u00fchrenden Banken in der Schweiz<\/li>\n\n\n\n<li>Schneller Online-Antrag mit sofortiger Vorpr\u00fcfung<\/li>\n\n\n\n<li>Pers\u00f6nlicher Service und umfassende Beratung<\/li>\n<\/ul>\n\n\n\n<p>Wir sind stolz darauf, ein starker Partner f\u00fcr Kreditnehmer in der Schweiz zu sein \u2013 <strong>weil Ihre finanzielle Sicherheit unsere Priorit\u00e4t ist.<\/strong><\/p>\n","protected":false},"excerpt":{"rendered":"<p>\u00dcber uns OnlineKredit Schweiz vermittelt seit dem 21. Dezember 2014 erfolgreich Kredite in der gesamten Schweiz. Mit \u00fcber 20.000 zufriedenen Kunden und mehr als 11 Jahren Erfahrung in der Finanzbranche haben wir uns als vertrauensw\u00fcrdiger Partner f\u00fcr schnelle und unkomplizierte Kreditl\u00f6sungen etabliert. Unsere Mission ist es, unseren Kunden den Zugang zu fairen, transparenten und massgeschneiderten [&hellip;]<\/p>\n","protected":false},"author":1,"featured_media":0,"parent":0,"menu_order":0,"comment_status":"closed","ping_status":"closed","template":"","meta":{"footnotes":""},"class_list":["post-6637","page","type-page","status-publish","hentry"],"_links":{"self":[{"href":"https:\/\/www.onlinekredit-schweiz.ch\/sr\/wp-json\/wp\/v2\/pages\/6637","targetHints":{"allow":["GET"]}}],"collection":[{"href":"https:\/\/www.onlinekredit-schweiz.ch\/sr\/wp-json\/wp\/v2\/pages"}],"about":[{"href":"https:\/\/www.onlinekredit-schweiz.ch\/sr\/wp-json\/wp\/v2\/types\/page"}],"author":[{"embeddable":true,"href":"https:\/\/www.onlinekredit-schweiz.ch\/sr\/wp-json\/wp\/v2\/users\/1"}],"replies":[{"embeddable":true,"href":"https:\/\/www.onlinekredit-schweiz.ch\/sr\/wp-json\/wp\/v2\/comments?post=6637"}],"version-history":[{"count":0,"href":"https:\/\/www.onlinekredit-schweiz.ch\/sr\/wp-json\/wp\/v2\/pages\/6637\/revisions"}],"wp:attachment":[{"href":"https:\/\/www.onlinekredit-schweiz.ch\/sr\/wp-json\/wp\/v2\/media?parent=6637"}],"curies":[{"name":"wp","href":"https:\/\/api.w.org\/{rel}","templated":true}]}}