{"id":4313,"date":"2023-01-11T01:47:50","date_gmt":"2023-01-11T01:47:50","guid":{"rendered":"https:\/\/www.onlinekredit-schweiz.ch\/?page_id=4313"},"modified":"2023-10-05T00:00:07","modified_gmt":"2023-10-05T00:00:07","slug":"disclaimer","status":"publish","type":"page","link":"https:\/\/www.onlinekredit-schweiz.ch\/sr\/disclaimer\/","title":{"rendered":"Disclaimer"},"content":{"rendered":"<div data-colibri-id=\"4313-c1\" class=\"style-1280 style-local-4313-c1 position-relative\">\n  <!---->\n  <div data-colibri-component=\"section\" data-colibri-id=\"4313-c2\" id=\"custom\" class=\"h-section h-section-global-spacing d-flex align-items-lg-center align-items-md-center align-items-center style-1285 style-local-4313-c2 position-relative\">\n    <!---->\n    <!---->\n    <div class=\"h-section-grid-container h-section-boxed-container\">\n      <!---->\n      <div data-colibri-id=\"4313-c3\" class=\"h-row-container gutters-row-lg-2 gutters-row-md-2 gutters-row-0 gutters-row-v-lg-2 gutters-row-v-md-2 gutters-row-v-2 style-1286 style-local-4313-c3 position-relative\">\n        <!---->\n        <div class=\"h-row justify-content-lg-center justify-content-md-center justify-content-center align-items-lg-stretch align-items-md-stretch align-items-stretch gutters-col-lg-2 gutters-col-md-2 gutters-col-0 gutters-col-v-lg-2 gutters-col-v-md-2 gutters-col-v-2\">\n          <!---->\n          <div class=\"h-column h-column-container d-flex h-col-lg-auto h-col-md-auto h-col-auto style-1287-outer style-local-4313-c4-outer\">\n            <div data-colibri-id=\"4313-c4\" class=\"d-flex h-flex-basis h-column__inner h-px-lg-2 h-px-md-2 h-px-2 v-inner-lg-2 v-inner-md-2 v-inner-2 style-1287 style-local-4313-c4 position-relative\">\n              <!---->\n              <!---->\n              <div class=\"w-100 h-y-container h-column__content h-column__v-align flex-basis-100 align-self-lg-start align-self-md-start align-self-start\">\n                <!---->\n                <div data-colibri-id=\"4313-c5\" class=\"h-text h-text-component style-1288 style-local-4313-c5 position-relative h-element\">\n                  <!---->\n                  <!---->\n                  <div class=\"\">\n                    <p><strong>Disclaimer<\/strong>\n                      <br> <strong>Stand: 10.03.2023<\/strong>\n                      <br> Ich nehme zur Kenntnis, dass Zagi Finanz GmbH (\n                      <a href=\"https:\/\/www.onlinekredit-schweiz.ch\">onlinekredit-schweiz.ch<\/a>) meinen Antrag zur Pr\u00fcfung an die Bank-now AG, Cembra Money Bank AG, bob Finance oder Corn\u00e8r Bank \u00fcber das Internet, via Email oder per Fax\/Post weiterleitet. Zudem nehme ich zur Kenntnis bzw. best\u00e4tige\n                      was folgt:\n                      <br>\n                      <br> <strong>Antragspr\u00fcfung und Kreditauskunftsdaten:<\/strong> Ich best\u00e4tige die Vollst\u00e4ndigkeit, Aktualit\u00e4t und Richtigkeit aller meiner im Antrag gemachten Angaben und erm\u00e4chtige das Finanzierungsinstitut, im Zusammenhang mit der Pr\u00fcfung\n                      dieses Antrags und der Abwicklung der vertraglichen Beziehung Ausk\u00fcnfte \u00fcber meine Person bei Dritten, insbesondere Banken, der Zentralstelle f\u00fcr Kreditinformation (ZEK), Beh\u00f6rden (z.B. Betreibungs-, Grundbuch- und Steuer\u00e4mtern,\n                      Einwohnerkontrollen, Kindes- und Erwachsenenschutzbeh\u00f6rden), Wirtschaftsauskunfteien, Kreditvermittlern, Arbeitgebern, Konzerngesellschaften des Finanzierungsinstituts und gegebenenfalls der Informationsstelle f\u00fcr Konsumkredit (IKO)\n                      einzuholen. Zu den vorgenannten Zwecken entbinde ich diese Stellen vom Bankkunden-, Post-, Amts- beziehungsweise Gesch\u00e4ftsgeheimnis. Ich nehme zur Kenntnis, dass das Finanzinstitut gegebenenfalls verpflichtet ist, ein Konsumentenleasing\n                      \/ einen zu gew\u00e4hrenden bzw. gew\u00e4hrten Konsumkredit der Informationsstelle f\u00fcr Konsumkredit (IKO) zu melden. Ich erm\u00e4chtige das Finanzierungsinstitut ausserdem, das beantragte Gesch\u00e4ft der ZEK mitzuteilen sowie bei entsprechenden\n                      gesetzlichen Pflichten auch anderen Stellen Meldung zu erstatten. Gemeldet werden dabei namentlich\n                      <a href=\"https:\/\/www.onlinekredit-schweiz.ch\/kredit\">Kredit<\/a>&#8211; bzw. Finanzierungsart, -h\u00f6he und -modalit\u00e4ten sowie die Personalien des\/der Antragstellenden und allenfalls qualifizierte Zahlungsr\u00fcckst\u00e4nde oder Missbr\u00e4uche. Ich anerkenne das Recht der ZEK, ihren Mitgliedern \u00fcber die\n                      gemeldeten Daten Ausk\u00fcnfte zu erteilen. Das Finanzierungsinstitut kann den Antrag ohne Angabe von Gr\u00fcnden ablehnen.\n                      <br>\n                      <br> <strong>Zusammenarbeit mit Vermittlern:<\/strong> Ich nehme zur Kenntnis, dass das Finanzierungsinstitut bei Antr\u00e4gen, die es von einem Vermittler erh\u00e4lt, mit diesem die notwendigen Informationen im Zusammenhang mit Antrags- \/Kreditf\u00e4higkeitspr\u00fcfung\n                      sowie Vertragsabschluss und -abwicklung (z.B. Parameter und Ergebnis der Antragspr\u00fcfung, Zustellung der Vertragsdokumente, Informationen zum Vertragsstatus und Zahlungsverhalten sowie Saldo) austauschen kann und entbinde das Finanzierungsinstitut\n                      in diesem Umfang sofern und soweit erforderlich vom Bankkundengeheimnis.\n                      <br>\n                      <br> <strong>Angaben zu Partnern:<\/strong> Falls ich im Antrag Angaben zu meinem\/r Ehepartner\/-in bzw. eingetragenem\/n Partner\/-in (\u201ePartner\u201c) gemacht habe, best\u00e4tige ich, dass (i) ich meinen Partner \u00fcber diesen Antrag informiert habe,\n                      (ii) das Finanzierungsinstitut die obenstehenden Angaben mittels direkter R\u00fcckfragen bei meinem Partner \u00fcberpr\u00fcfen darf, und (iii) mein Partner damit einverstanden ist, dass das Finanzierungsinstitut ihn betreffende Ausk\u00fcnfte wie\n                      oben beschrieben (einschliesslich Durchf\u00fchrung von Informativanfragen bei der ZEK) einholen darf.\n                      <br>\n                      <br> <strong>Datenbearbeitung:<\/strong> Ich nehme zur Kenntnis, dass das Finanzierungsinstitut meine Daten zur Pr\u00fcfung meines Antrags sowie zu Risikobewertungs- und Marketingzwecken (Datenauswertung und Profilerstellung) bearbeiten kann.\n                      Zudem k\u00f6nnen mir andere Produkte und Dienstleistungen, auch von Konzerngesellschaften des Finanzierungsinstitutes sowie weiteren Dritten, per Post oder Telefon angeboten werden. Ich kann dieser Datenbearbeitung zu Marketingzwecken\n                      jederzeit widersprechen. <strong>Mit Angabe meiner E-Mail Adresse erkl\u00e4re ich mich zudem einverstanden, dass das Finanzierungsinstitut mir die vorgenannten Angebote auch per E-Mail zustellen kann.<\/strong> Ich akzeptiere im Zusammenhang\n                      mit der offenen Kommunikation via E-Mail ausdr\u00fccklich das Risiko, dass meine Daten bei der \u00dcbermittlung durch Dritte abgefangen oder ver\u00f6ffentlicht werden k\u00f6nnen, oder dass unbefugte Dritte R\u00fcckschluss auf eine Vertragsbeziehung\n                      zwischen dem Finanzierungsinstitut und mir ziehen k\u00f6nnen, und dass insoweit der Geheimnisschutz bzw. das Bankkundengeheimnis nicht gew\u00e4hrleistet ist. Meine Einwilligung in die elektronische Zustellung von Werbesendungen kann ich\n                      jederzeit widerrufen.\n                      <br>\n                      <br> <strong>Zusammenarbeit mit Dienstleistern (Outsourcing):<\/strong> Ich nehme zur Kenntnis, dass das Finanzierungsinstitut Dienstleistungen, insbesondere im Bereich der Abwicklung von Gesch\u00e4ftsprozessen, IT-Sicherheit und Systemsteuerung,\n                      Marktforschung und -bearbeitung, der Berechnung von gesch\u00e4ftsrelevanten Kredit- und Marktrisiken sowie der Administration von Vertragsverh\u00e4ltnissen (z.B. Antrags- und Vertragsabwicklung, Inkasso, Kommunikation mit Kunden) an Dritte\n                      (\u201eDienstleister\u201c) auslagern kann. Das Finanzierungsinstitut stellt diesen Dienstleistern die zur Erf\u00fcllung der vertraglichen Pflichten notwendigen Daten zur Verf\u00fcgung und kann diese Daten daf\u00fcr auch ins Ausland weiterleiten. Dienstleister,\n                      deren Mitarbeiter sowie Subunternehmer werden dabei vom Finanzierungsinstitut vertraglich zur Vertraulichkeit verpflichtet. Die Dienstleister befinden sich in der Regel in der Schweiz oder im EU-\/EWR-Raum, k\u00f6nnen aber grunds\u00e4tzlich\n                      auf der ganzen Welt niedergelassen sein. Falls Personendaten in einen Staat \u00fcbermittelt werden, der aus Sicht der Schweiz \u00fcber kein angemessenes Datenschutzniveau verf\u00fcgt, stellt das Finanzierungsinstitut durch geeigneten Garantien,\n                      wie z.B. die Vereinbarung der Standardvertragsklauseln einen angemessenen Datenschutz sicher.\n                      <br>\n                      <br> Ich nehme zur Kenntnis, dass die Kommunikation zwischen dem Finanzierungsinstitut und mir bzw. dem Vermittler \u00fcber elektronische Kan\u00e4le erfolgen kann. Der Vermittler sowie das Finanzierungsinstitut k\u00f6nnen die Vertraulichkeit von\n                      Daten bei der \u00dcbertragung \u00fcber das Internet nicht gew\u00e4hrleisten. R\u00fcckschl\u00fcsse Dritter auf eine zwischen mir und dem Finanzierungsinstitut bestehende bzw. bevorstehende Gesch\u00e4ftsbeziehung (allenfalls Bankbeziehung) sind daher m\u00f6glich.\n                      <br>\n                      <br> Weitere Informationen zur Bearbeitung von Personendaten durch das Finanzierungsinstitut lassen sich der Datenschutzerkl\u00e4rung auf der Webseite des Finanzierungsinstitut entnehmen bzw. k\u00f6nnen beim Finanzierungsinstitut angefragt werden.\n                      <br>\n                      <br> <strong>Die Kreditvergabe ist verboten, falls sie zur \u00dcberschuldung f\u00fchrt (Art. 3 UWG).<\/strong><\/p>\n                  <\/div>\n                <\/div>\n              <\/div>\n            <\/div>\n          <\/div>\n        <\/div>\n      <\/div>\n    <\/div>\n  <\/div>\n<\/div>","protected":false},"excerpt":{"rendered":"<p>Disclaimer Stand: 10.03.2023 Ich nehme zur Kenntnis, dass Zagi Finanz GmbH ( onlinekredit-schweiz.ch) meinen Antrag zur Pr\u00fcfung an die Bank-now AG, Cembra Money Bank AG, bob Finance oder Corn\u00e8r Bank \u00fcber das Internet, via Email oder per Fax\/Post weiterleitet. Zudem nehme ich zur Kenntnis bzw. best\u00e4tige was folgt: Antragspr\u00fcfung und Kreditauskunftsdaten: Ich best\u00e4tige die Vollst\u00e4ndigkeit, [&hellip;]<\/p>\n","protected":false},"author":1,"featured_media":0,"parent":0,"menu_order":0,"comment_status":"closed","ping_status":"closed","template":"page-templates\/full-width-page.php","meta":{"footnotes":""},"class_list":["post-4313","page","type-page","status-publish","hentry"],"_links":{"self":[{"href":"https:\/\/www.onlinekredit-schweiz.ch\/sr\/wp-json\/wp\/v2\/pages\/4313","targetHints":{"allow":["GET"]}}],"collection":[{"href":"https:\/\/www.onlinekredit-schweiz.ch\/sr\/wp-json\/wp\/v2\/pages"}],"about":[{"href":"https:\/\/www.onlinekredit-schweiz.ch\/sr\/wp-json\/wp\/v2\/types\/page"}],"author":[{"embeddable":true,"href":"https:\/\/www.onlinekredit-schweiz.ch\/sr\/wp-json\/wp\/v2\/users\/1"}],"replies":[{"embeddable":true,"href":"https:\/\/www.onlinekredit-schweiz.ch\/sr\/wp-json\/wp\/v2\/comments?post=4313"}],"version-history":[{"count":0,"href":"https:\/\/www.onlinekredit-schweiz.ch\/sr\/wp-json\/wp\/v2\/pages\/4313\/revisions"}],"wp:attachment":[{"href":"https:\/\/www.onlinekredit-schweiz.ch\/sr\/wp-json\/wp\/v2\/media?parent=4313"}],"curies":[{"name":"wp","href":"https:\/\/api.w.org\/{rel}","templated":true}]}}